 
{"id":1141,"date":"2017-12-23T04:17:52","date_gmt":"2017-12-23T04:17:52","guid":{"rendered":"https:\/\/www.newlifepoland.net\/pl\/?page_id=1141"},"modified":"2017-12-28T07:07:53","modified_gmt":"2017-12-28T07:07:53","slug":"program-w-gruzji","status":"publish","type":"page","link":"https:\/\/www.newlifepoland.net\/pl\/program-w-gruzji\/","title":{"rendered":"Program w Gruzji"},"content":{"rendered":"<h3 class=\"text-color-1\">\u015awiat mo\u017cliwo\u015bci dla Ciebie i Twojego przysz\u0142ego dziecka<\/h3>\n<p>W przeciwie\u0144stwie do wielu innych kraj\u00f3w \u015bwiata, proces macierzy\u0144stwa zast\u0119pczego w Gruzji jest do\u015b\u0107 prosty i nie ma wielu ogranicze\u0144. Podczas gdy programy te zezwalaj\u0105 na udzia\u0142 tylko parom heteroseksualnym pozostaj\u0105cym w zwi\u0105zku ma\u0142\u017ce\u0144skim, jest bardzo ma\u0142o prawdopodobne, aby zaistnia\u0142a potrzeba dostarczenia za\u015bwiadczenia o zawarciu zwi\u0105zku ma\u0142\u017ce\u0144skiego. Nie ma te\u017c ogranicze\u0144 wiekowych. <\/p>\n<h3 class=\"text-color-1\">Dw\u00f3jka ludzi + nasza pomoc = rodzina 2 + 1<\/h3>\n<div class=\"row\">\n<div class=\"col-md-7\">\nPoniewa\u017c istnieje mniej ogranicze\u0144, a programy macierzy\u0144stwa zast\u0119pczego dzia\u0142aj\u0105 w Gruzji bezproblemowo, okaza\u0142o si\u0119, \u017ce jest to po\u017c\u0105dane miejsce do przeprowadzenia procesu macierzy\u0144stwa zast\u0119pczego dla wielu przysz\u0142ych polskich rodzic\u00f3w. Do tej pory pomogli\u015bmy wielu polskim parom zosta\u0107 rodzicami poprzez gruzi\u0144skie programy macierzy\u0144stwa zast\u0119pczego. Teraz, szcz\u0119\u015bliwi, s\u0105 z powrotem w swoim ojczystym kraju z dzie\u0107mi, ciesz\u0105c si\u0119 now\u0105 podr\u00f3\u017c\u0105 ju\u017c jako rodzina.<\/p>\n<p>Wielu z naszych polskich rodzic\u00f3w wybra\u0142o programy zast\u0119pcze w Gruzji ze wzgl\u0119du na to, jak wygodny jest tam ten proces. W Tbilisi, stolicy Gruzji, znajduje si\u0119 ambasada RP, w kt\u00f3rej mo\u017cna otrzyma\u0107 wszystkie dokumenty prawne i gdzie przygotowane i przekazane mog\u0105 by\u0107 dokumenty zwi\u0105zane z urodzeniem dziecka przez surogatk\u0119.\n<\/p><\/div>\n<div class=\"col-md-5\">\n<img decoding=\"async\" src=\"https:\/\/www.newlifepoland.net\/wp-content\/uploads\/Surrogacy-in-Georgia-.jpg\" alt=\"surrogacy in georgia\" class=\"img-responsive margin-top-md\" \/>\n<\/div>\n<\/div>\n<p>To sprawia, \u017ce proces jest znacznie bardziej wydajny, dzi\u0119ki czemu mo\u017cesz sp\u0119dzi\u0107 mniej czasu na doprowadzaniu sprawy do ko\u0144ca, a zamiast tego wi\u0119cej czasu ze swoim nowym dzieckiem.<\/p>\n<p>Dla naszych rodzic\u00f3w korzystne jest r\u00f3wnie\u017c to, \u017ce \u2013 zgodnie z gruzi\u0144skim prawem \u2013 to przyszli rodzice s\u0105 uwa\u017cani za prawnych rodzic\u00f3w noworodka, a nie zast\u0119pcza matka. W akcie urodzenia wymienione jest wy\u0142\u0105cznie Twoje imi\u0119 i nazwisko i imi\u0119 i nazwisko Twojego wsp\u00f3\u0142ma\u0142\u017conka. Matki zast\u0119pczej nie wymienia si\u0119 w tym dokumencie. Pomaga to wyeliminowa\u0107 wszelkie obawy dotycz\u0105ce ubiegania si\u0119 przez matk\u0119 zast\u0119pcz\u0105 o dziecko.<\/p>\n<p>Aby dowiedzie\u0107 si\u0119 wi\u0119cej o programach macierzy\u0144stwa zast\u0119pczego w Gruzji, prosimy o kontakt z New Life.<\/p>\n","protected":false},"excerpt":{"rendered":"<p>\u015awiat mo\u017cliwo\u015bci dla Ciebie i Twojego przysz\u0142ego dziecka W przeciwie\u0144stwie do wielu innych kraj\u00f3w \u015bwiata, proces macierzy\u0144stwa zast\u0119pczego w Gruzji jest do\u015b\u0107 prosty i nie ma wielu ogranicze\u0144. Podczas gdy programy te zezwalaj\u0105 na udzia\u0142 tylko parom heteroseksualnym pozostaj\u0105cym w zwi\u0105zku ma\u0142\u017ce\u0144skim, jest bardzo ma\u0142o prawdopodobne, aby zaistnia\u0142a potrzeba dostarczenia za\u015bwiadczenia o zawarciu zwi\u0105zku ma\u0142\u017ce\u0144skiego. [&hellip;]<\/p>\n","protected":false},"author":1,"featured_media":0,"parent":0,"menu_order":0,"comment_status":"closed","ping_status":"closed","template":"","meta":{"footnotes":""},"class_list":["post-1141","page","type-page","status-publish","hentry"],"_links":{"self":[{"href":"https:\/\/www.newlifepoland.net\/pl\/wp-json\/wp\/v2\/pages\/1141","targetHints":{"allow":["GET"]}}],"collection":[{"href":"https:\/\/www.newlifepoland.net\/pl\/wp-json\/wp\/v2\/pages"}],"about":[{"href":"https:\/\/www.newlifepoland.net\/pl\/wp-json\/wp\/v2\/types\/page"}],"author":[{"embeddable":true,"href":"https:\/\/www.newlifepoland.net\/pl\/wp-json\/wp\/v2\/users\/1"}],"replies":[{"embeddable":true,"href":"https:\/\/www.newlifepoland.net\/pl\/wp-json\/wp\/v2\/comments?post=1141"}],"version-history":[{"count":6,"href":"https:\/\/www.newlifepoland.net\/pl\/wp-json\/wp\/v2\/pages\/1141\/revisions"}],"predecessor-version":[{"id":1201,"href":"https:\/\/www.newlifepoland.net\/pl\/wp-json\/wp\/v2\/pages\/1141\/revisions\/1201"}],"wp:attachment":[{"href":"https:\/\/www.newlifepoland.net\/pl\/wp-json\/wp\/v2\/media?parent=1141"}],"curies":[{"name":"wp","href":"https:\/\/api.w.org\/{rel}","templated":true}]}}