 
{"id":1166,"date":"2017-12-28T06:20:12","date_gmt":"2017-12-28T06:20:12","guid":{"rendered":"https:\/\/www.newlifepoland.net\/pl\/?page_id=1166"},"modified":"2017-12-28T07:29:39","modified_gmt":"2017-12-28T07:29:39","slug":"zostan-dawczynia-komorek-jajowych","status":"publish","type":"page","link":"https:\/\/www.newlifepoland.net\/pl\/zostan-dawczynia-komorek-jajowych\/","title":{"rendered":"Zosta\u0144 Dawczyni\u0105 Kom\u00f3rek Jajowych"},"content":{"rendered":"<div class=\"row\">\n<div class=\"col-md-7\">\n<h3 class=\"text-color-1\">Zosta\u0144 Dawczyni\u0105 Kom\u00f3rek Jajowych<\/h3>\n<p>Twoim darem w pomaganiu innym urzeczywistni\u0107 ich marzenia o zostaniu rodzicami naprawd\u0119 jest darem \u017cycia. Ka\u017cda z naszych wspania\u0142ych polskich dawczy\u0144 kom\u00f3rek jajowych otrzymuje wyrazy najwy\u017cszego podziwu i najlepsz\u0105 opiek\u0119, a jej do\u015bwiadczenie z ka\u017cd\u0105 stron\u0105 jest bezproblemowe i pozytywne. <\/p>\n<p>Zdrowie i bezpiecze\u0144stwo naszych dawczy\u0144 kom\u00f3rek jajowych s\u0105 zawsze naszym priorytetem, dlatego te\u017c zach\u0119camy zdrowe, m\u0142ode kobiety do sk\u0142adania wniosk\u00f3w o zostanie dawczyni\u0105. Przed podj\u0119ciem tej zmieniaj\u0105cej \u017cycie decyzji prosimy o kontakt z nami\n<\/p><\/div>\n<div class=\"col-md-5\">\n<img decoding=\"async\" src=\"https:\/\/www.newlifepoland.net\/pl\/wp-content\/uploads\/sites\/2\/second-slide-e1514445978330.jpg\" alt=\"\" class=\"img-responsive\" \/>\n    <\/div>\n<\/div>\n<p>w przypadku jakichkolwiek pyta\u0144. Liczymy na wsp\u00f3\u0142prac\u0119 z wami w zmienianiu \u017cycia rodzin wok\u00f3\u0142 nas.<\/p>\n","protected":false},"excerpt":{"rendered":"<p>Zosta\u0144 Dawczyni\u0105 Kom\u00f3rek Jajowych Twoim darem w pomaganiu innym urzeczywistni\u0107 ich marzenia o zostaniu rodzicami naprawd\u0119 jest darem \u017cycia. Ka\u017cda z naszych wspania\u0142ych polskich dawczy\u0144 kom\u00f3rek jajowych otrzymuje wyrazy najwy\u017cszego podziwu i najlepsz\u0105 opiek\u0119, a jej do\u015bwiadczenie z ka\u017cd\u0105 stron\u0105 jest bezproblemowe i pozytywne. Zdrowie i bezpiecze\u0144stwo naszych dawczy\u0144 kom\u00f3rek jajowych s\u0105 zawsze naszym priorytetem, [&hellip;]<\/p>\n","protected":false},"author":1,"featured_media":0,"parent":0,"menu_order":0,"comment_status":"closed","ping_status":"closed","template":"","meta":{"footnotes":""},"class_list":["post-1166","page","type-page","status-publish","hentry"],"_links":{"self":[{"href":"https:\/\/www.newlifepoland.net\/pl\/wp-json\/wp\/v2\/pages\/1166","targetHints":{"allow":["GET"]}}],"collection":[{"href":"https:\/\/www.newlifepoland.net\/pl\/wp-json\/wp\/v2\/pages"}],"about":[{"href":"https:\/\/www.newlifepoland.net\/pl\/wp-json\/wp\/v2\/types\/page"}],"author":[{"embeddable":true,"href":"https:\/\/www.newlifepoland.net\/pl\/wp-json\/wp\/v2\/users\/1"}],"replies":[{"embeddable":true,"href":"https:\/\/www.newlifepoland.net\/pl\/wp-json\/wp\/v2\/comments?post=1166"}],"version-history":[{"count":10,"href":"https:\/\/www.newlifepoland.net\/pl\/wp-json\/wp\/v2\/pages\/1166\/revisions"}],"predecessor-version":[{"id":1221,"href":"https:\/\/www.newlifepoland.net\/pl\/wp-json\/wp\/v2\/pages\/1166\/revisions\/1221"}],"wp:attachment":[{"href":"https:\/\/www.newlifepoland.net\/pl\/wp-json\/wp\/v2\/media?parent=1166"}],"curies":[{"name":"wp","href":"https:\/\/api.w.org\/{rel}","templated":true}]}}