 
{"id":2,"date":"2016-01-09T07:24:01","date_gmt":"2016-01-09T07:24:01","guid":{"rendered":"https:\/\/www.newlifepoland.net\/?page_id=2"},"modified":"2018-04-05T04:36:12","modified_gmt":"2018-04-05T04:36:12","slug":"home","status":"publish","type":"page","link":"https:\/\/www.newlifepoland.net\/pl\/","title":{"rendered":"Home"},"content":{"rendered":"<div class=\"row\">\n<div class=\"col-md-4 transparent-orange-dark lift-66 front-tile\">\n<p><i class=\"fa fa-flag fa-4x\"><\/i> <\/p>\n<h4 class=\"text-center\">Sie\u0107 New Life<\/h4>\n<h3 class=\"text-center no-margin-top\">Mo\u017cemy pom\u00f3c Ci napisa\u0107 nowy rozdzia\u0142 Twojego \u017cycia<\/h3>\n<p class=\"text-center\">\nJe\u017celi Twoja podr\u00f3\u017c zaprowadzi\u0142a Ci\u0119 do nas, to wiedz, \u017ce jeste\u015b w r\u0119kach os\u00f3b, kt\u00f3re Ci\u0119 rozumiej\u0105. New Life Poland jest cz\u0119\u015bci\u0105 sieci New Life Global Network, szybko rozwijaj\u0105cej si\u0119 grupy nowoczesnych centr p\u0142odno\u015bci, kt\u00f3re oferuj\u0105 podej\u015bcie pe\u0142ne empatii i wsparcie zar\u00f3wno w kwestii macierzy\u0144stwa&#8230; <br \/><a href=\"\/pl\/siec-new-life\/\" class=\"text-white\">[ czytaj wi\u0119cej ]<\/a>\n<\/p>\n<\/div>\n<div class=\"col-md-4 transparent-orange-light lift-66 front-tile\">\n<p><i class=\"fa fa-certificate fa-4x\"><\/i> <\/p>\n<h4 class=\"text-center\">Dlaczego warto wybra\u0107 New Life Poland<\/h4>\n<h3 class=\"text-center no-margin-top\">Kultura zrozumienia i wsparcia<\/h3>\n<p class=\"text-center\">\nTo Twoja historia, Twoje \u017cycie i Twoja rodzina. Dbamy o wyja\u015bnienie twoich  w\u0105tpliwo\u015bci pod k\u0105tem emocjonalnym, tak jak dbamy, aby dostarcza\u0107 najwy\u017cszej jako\u015bci us\u0142ugi medyczne. Dlatego te\u017c zach\u0119camy ka\u017cdego, kto przychodzi do nas poszukuj\u0105c pomocy, do zadawania pyta\u0144, dzielenia si\u0119 z nami opiniami i uczestniczenia w procesie&#8230; <br \/><a href=\"\/pl\/dlaczego-warto-wybrac-new-life-poland\/\" class=\"text-white\">[ czytaj wi\u0119cej ]<\/a>\n<\/p>\n<\/div>\n<div class=\"col-md-4 transparent-orange-dark lift-66 front-tile\">\n<p><i class=\"fa fa-info-circle fa-4x\"><\/i><\/p>\n<h4 class=\"text-center\">Zosta\u0144 Dawczyni\u0105 Kom\u00f3rek Jajowych<\/h4>\n<h3 class=\"text-center no-margin-top\">Pom\u00f3\u017c urzeczywistni\u0107 marzenia \u2013 zosta\u0144 dawczyni\u0105 kom\u00f3rek jajowych<\/h3>\n<p class=\"text-center\">\nTwoim darem w pomaganiu innym urzeczywistni\u0107 ich marzenia o zostaniu rodzicami naprawd\u0119 jest darem \u017cycia. Ka\u017cda z naszych wspania\u0142ych polskich dawczy\u0144 kom\u00f3rek jajowych otrzymuje wyrazy najwy\u017cszego&#8230; <br \/><a href=\"\/pl\/zostan-dawczynia-komorek-jajowych\/\" class=\"text-white\">[ czytaj wi\u0119cej ]<\/a>\n<\/p>\n<\/div>\n<div class=\"col-md-12 bg-white\">\n<div class=\"row\">\n<div class=\"col-md-7 padding-lg padding-top-sm\">\n<h3 class=\"upper \">Witaj w <span class=\"text-color-1\">New Life Polska<\/span><\/h3>\n<p class=\"text-justify\">\nBo niep\u0142odno\u015b\u0107 nie powinna oznacza\u0107 niemo\u017cliwo\u015bci. New Life Poland istnieje, aby zi\u015bci\u0107 marzenia setek Polek i Polak\u00f3w, pomagaj\u0105c im zosta\u0107 rodzicami dzi\u0119ki naszej Agencji  Dawczy\u0144 Kom\u00f3rek Jajowych w Warszawie. Nasze biuro odpowiada za organizowanie podr\u00f3\u017cy przysz\u0142ych rodzic\u00f3w z Polski do innych kraj\u00f3w, aby realizowa\u0107 tam programy macierzy\u0144stwa zast\u0119pczego. <\/p>\n<p>Wiemy, jak trudno poradzi\u0107 sobie z niep\u0142odno\u015bci\u0105 we wszystkich obszarach i na wszystkich etapach \u017cycia.  S\u0142yszeli\u015bmy historie. Widzieli\u015bmy zmagania. Jednak, co jest najwa\u017cniejsze, widzieli\u015bmy, jak cud \u017cycia dzia\u0142 si\u0119 setki razy na naszych oczach dzi\u0119ki naszym gruzi\u0144skim, ukrai\u0144skim, azjatyckim i meksyka\u0144skim oddzia\u0142om, i jak setki razy do\u015bwiadczali go rodzice z Polski. Rodzice tacy jak Ty. Ich historia mo\u017ce r\u00f3\u017cni\u0107 si\u0119 od Twojej, jednak mieli nadzieje takie, jakie masz Ty i My.  Dlatego te\u017c oferujemy nasze rozwi\u0105zania wszystkim, w\u0142\u0105czaj\u0105c w to przysz\u0142ych samotnych rodzic\u00f3w, pary heteroseksualne, pary LGBT oraz przysz\u0142ych rodzic\u00f3w b\u0119d\u0105cych nosicielami wirusa HIV.\n<\/p>\n<\/div>\n<div class=\"col-md-5 padding-lg\">\n[video-testimonials]\n<\/div>\n<\/div>\n<\/div>\n<div class=\"row\">\n<div class=\"col-md-6 margin-top-lg margin-bottom-lg\">\n<div class=\"transparent-orange-dark\">\n<h3 class=\"text-white text-center no-margin-top padding-md\">Macierzy\u0144stwo zast\u0119pcze<\/h3>\n<\/div>\n<div class=\"bg-white text-center padding-lg\">\n<button id=\"cm\" class=\"btn btn-lg btn-nl-inv\" type=\"button\" data-toggle=\"modal\" data-target=\"#mb\">Skontaktuj si\u0119 z nami<\/button> <a href=\"\/pl\/o-nas\/\" class=\"btn btn-lg btn-nl-orange\">Dowiedz si\u0119 wi\u0119cej<\/a>\n<\/div>\n<\/div>\n<div class=\"col-md-6 margin-top-lg margin-bottom-lg\">\n<div class=\"transparent-orange-dark\">\n<h3 class=\"text-white text-center no-margin-top padding-md\">Do\u0142\u0105cz do nas<\/h3>\n<\/div>\n<div class=\"bg-white text-center padding-lg\">\n<a href=\"\/egg-donor-application\/\" class=\"btn btn-lg btn-nl-inv\">Jako Dawczyni Kom\u00f3rek Jajowych<\/a>\n<\/div>\n<\/div>\n<\/div>\n<\/div>\n","protected":false},"excerpt":{"rendered":"<p>Sie\u0107 New Life Mo\u017cemy pom\u00f3c Ci napisa\u0107 nowy rozdzia\u0142 Twojego \u017cycia Je\u017celi Twoja podr\u00f3\u017c zaprowadzi\u0142a Ci\u0119 do nas, to wiedz, \u017ce jeste\u015b w r\u0119kach os\u00f3b, kt\u00f3re Ci\u0119 rozumiej\u0105. New Life Poland jest cz\u0119\u015bci\u0105 sieci New Life Global Network, szybko rozwijaj\u0105cej si\u0119 grupy nowoczesnych centr p\u0142odno\u015bci, kt\u00f3re oferuj\u0105 podej\u015bcie pe\u0142ne empatii i wsparcie zar\u00f3wno w kwestii [&hellip;]<\/p>\n","protected":false},"author":1,"featured_media":0,"parent":0,"menu_order":0,"comment_status":"closed","ping_status":"closed","template":"full-width.php","meta":{"footnotes":""},"class_list":["post-2","page","type-page","status-publish","hentry"],"_links":{"self":[{"href":"https:\/\/www.newlifepoland.net\/pl\/wp-json\/wp\/v2\/pages\/2","targetHints":{"allow":["GET"]}}],"collection":[{"href":"https:\/\/www.newlifepoland.net\/pl\/wp-json\/wp\/v2\/pages"}],"about":[{"href":"https:\/\/www.newlifepoland.net\/pl\/wp-json\/wp\/v2\/types\/page"}],"author":[{"embeddable":true,"href":"https:\/\/www.newlifepoland.net\/pl\/wp-json\/wp\/v2\/users\/1"}],"replies":[{"embeddable":true,"href":"https:\/\/www.newlifepoland.net\/pl\/wp-json\/wp\/v2\/comments?post=2"}],"version-history":[{"count":70,"href":"https:\/\/www.newlifepoland.net\/pl\/wp-json\/wp\/v2\/pages\/2\/revisions"}],"predecessor-version":[{"id":1233,"href":"https:\/\/www.newlifepoland.net\/pl\/wp-json\/wp\/v2\/pages\/2\/revisions\/1233"}],"wp:attachment":[{"href":"https:\/\/www.newlifepoland.net\/pl\/wp-json\/wp\/v2\/media?parent=2"}],"curies":[{"name":"wp","href":"https:\/\/api.w.org\/{rel}","templated":true}]}}