 
{"id":64,"date":"2016-01-09T11:35:46","date_gmt":"2016-01-09T11:35:46","guid":{"rendered":"https:\/\/www.newlifepoland.net\/?page_id=64"},"modified":"2023-06-01T08:58:13","modified_gmt":"2023-06-01T08:58:13","slug":"o-nas","status":"publish","type":"page","link":"https:\/\/www.newlifepoland.net\/pl\/o-nas\/","title":{"rendered":"O Nas"},"content":{"rendered":"<h1>O Nas<\/h1>\n<h3 class=\"text-color-1\">Ka\u017cda historia ma sw\u00f3j pocz\u0105tek. Nasza zaczyna si\u0119 z Tob\u0105.<\/h3>\n<p>Nasze pierwsze Biuro Macierzy\u0144stwa Zast\u0119pczego i klinika IVF, New Life Georgia, zosta\u0142y za\u0142o\u017cone w 2008 r. przez doktor Mariam Kukunashvili. Od tego czasu pomogli\u015bmy tysi\u0105com przysz\u0142ych rodzic\u00f3w w za\u0142o\u017ceniu rodziny i rozszerzyli\u015bmy zasi\u0119g naszej pomocy dla przysz\u0142ych rodzic\u00f3w na ponad 8 r\u00f3\u017cnych kraj\u00f3w \u015bwiata. Rozwijaj\u0105c si\u0119 mamy zaszczyt stawania si\u0119 cz\u0119\u015bci\u0105 waszych historii, tak jak wy stajecie si\u0119 cz\u0119\u015bci\u0105 naszej. Ka\u017cda historia jest jednak wyj\u0105tkowa. Dlatego specjalizujemy si\u0119 we wszystkich obszarach leczenia niep\u0142odno\u015bci, oferuj\u0105c nast\u0119puj\u0105ce procedury zap\u0142odnienia metod\u0105 in vitro (IVF), aby sprosta\u0107 potrzebom wszystkich przysz\u0142ych rodzic\u00f3w: transfer mro\u017conych zarodk\u00f3w, diagnostyk\u0119 preimplantacyjn\u0105, IVF dla os\u00f3b b\u0119d\u0105cych nosicielami wirusa HIV.<\/p>\n<p>New Life Poland to co\u015b wi\u0119cej ni\u017c biuro dawczy\u0144 kom\u00f3rek jajowych. Jeste\u015bmy spoiwem wzruszaj\u0105cych, osobistych i pe\u0142nych uczu\u0107 historii, kt\u00f3re wype\u0142nione s\u0105 ci\u0119\u017ck\u0105 prac\u0105 i oddaniem. Nasz zesp\u00f3\u0142 tworz\u0105 osoby empatyczne i pracuj\u0105ce z poczuciem powo\u0142ania, kt\u00f3re m\u00f3wi im, \u017ce pomagaj\u0105 osobom z problemami zwi\u0105zanymi z niep\u0142odno\u015bci\u0105 w urzeczywistnieniu ich marze\u0144 o staniu si\u0119 rodzicami przez dawstwo kom\u00f3rek jajowych i us\u0142ugi macierzy\u0144stwa zast\u0119pczego w innych krajach. Ka\u017cdy rodzic dodaje rozdzia\u0142 do naszej historii, a my szerzymy przes\u0142anie m\u00f3wi\u0105ce, \u017ce odpowiedzialne, przyjacielskie i pe\u0142ne uwagi podej\u015bcie w relacji lekarza z pacjentem jest idealne nie tylko w celu osi\u0105gni\u0119cia dobrej reputacji, ale te\u017c i w celu osi\u0105gni\u0119cia wysokiego wska\u017anika sukcesu. Zasady te sta\u0142y si\u0119 podstaw\u0105, na kt\u00f3rej zbudowali\u015bmy nasz\u0105 sie\u0107 partnerstwa i przyja\u017ani, New Life Family.<\/p>\n<h3 class=\"text-color-1\">Czym si\u0119 zajmujemy<\/h3>\n<ul>\n<li>Dbamy o Ciebie, nasze matki zast\u0119pcze i dawczynie kom\u00f3rek jajowych, skupiaj\u0105c si\u0119 przy tym na satysfakcji i komforcie. Jeste\u015bmy dumni z tego, \u017ce nigdy nie zg\u0142oszono \u017cadnej skargi odno\u015bnie do naszych us\u0142ug, i pragniemy wci\u0105\u017c osi\u0105ga\u0107 maksymaln\u0105 satysfakcj\u0119 czyni\u0105c ca\u0142y proces komfortowym dla wszystkich zaanga\u017cowanych os\u00f3b, a tak\u017ce pozwalaj\u0105c naszym surogatkom i dawczyniom kom\u00f3rek jajowych poczu\u0107, \u017ce ich zaanga\u017cowanie w program jest bardzo doceniane i podziwiane.<\/li>\n<li>Pomagamy w rozwoju rodzin \u2013 wiele os\u00f3b, kt\u00f3re zosta\u0142y ju\u017c rodzicami, powraca do naszego programu, aby powi\u0119kszy\u0107 rodzin\u0119 o rodze\u0144stwo dla ich maluch\u00f3w.<\/li>\n<li>Przezwyci\u0119\u017camy przeciwno\u015bci \u2013 mamy jeden z najwy\u017cszych wska\u017anik\u00f3w sukcesu w tym obszarze.<\/li>\n<li>Upewniamy si\u0119, \u017ce zobowi\u0105zania umowne s\u0105 spe\u0142nione na czas przez wszystkie zaanga\u017cowane strony, dzi\u0119ki czemu nigdy nie byli\u015bmy stron\u0105 w post\u0119powaniu s\u0105dowym z przysz\u0142ymi rodzicami, matk\u0105 zast\u0119pcz\u0105 czy dawczyni\u0105 kom\u00f3rek jajowych.<\/li>\n<\/ul>\n<h3 class=\"text-color-1\">Nigdy \u2026<\/h3>\n<ul>\n<li>&#8230;nie zdarzy\u0142o si\u0119 nam spotka\u0107 si\u0119 z przypadkiem, w kt\u00f3rym testy DNA nie zgadza\u0142yby si\u0119 z DNA przysz\u0142ych rodzic\u00f3w.<\/li>\n<li>&#8230;nie zdarzy\u0142o si\u0119 nam mie\u0107 przypadku noworodka z zaburzeniami genetycznymi.<\/li>\n<li>&#8230;nie zdarzy\u0142o si\u0119 nam mie\u0107 przypadku martwego urodzenia.<\/li>\n<li>&#8230;nie zdarzy\u0142o si\u0119 nam mie\u0107 przypadku, w kt\u00f3rym matka zast\u0119pcza spo\u017cywa\u0142aby narkotyki lub alkohol czy te\u017c pali\u0142a papierosy podczas ci\u0105\u017cy. New Life przeprowadza losowe badania w Krajowym Biurze Medycyny S\u0105dowej, aby zapewni\u0107 zdrowie dzieci i sprosta\u0107 oczekiwaniom rodzic\u00f3w.<\/li>\n<li>&#8230;nie zdarzy\u0142o si\u0119 nam, aby matka zast\u0119pcza zmar\u0142a podczas porodu.<\/li>\n<li>&#8230;nie zdarzy\u0142o si\u0119 nam, aby matka zast\u0119pcza zosta\u0142a porzucona lub by\u0142a zaniedbywana przez swoj\u0105 rodzin\u0119. Ka\u017cda matka zast\u0119pcza otrzymuje pe\u0142ne wsparcie od cz\u0142onk\u00f3w swojej rodziny i innych bliskich jej os\u00f3b. D\u0105\u017cymy do tego, aby ka\u017cda surogatka czu\u0142a si\u0119 komfortowo i mia\u0142a potrzebne wsparcie w domu przed zarejestrowaniem jej w naszej bazie.<\/li>\n<li>&#8230;nie zdarzy\u0142o si\u0119 nam, aby surogatka pr\u00f3bowa\u0142a zatrzyma\u0107 dziecko.<\/li>\n<li>&#8230;nie zdarzy\u0142o si\u0119 nam, aby pacjent lub pacjentka zostali zatrzymani w kraju, w kt\u00f3rym dzia\u0142a New Life.<\/li>\n<li>&#8230;nie zdarzy\u0142o si\u0119 nam, aby istnia\u0142y jakiekolwiek komplikacje w powrocie do domu naszych polskich podr\u00f3\u017cuj\u0105cych dawczy\u0144 kom\u00f3rek jajowych. Wracaj\u0105 one zawsze z naszych klinik z wielkim entuzjazmem i wspania\u0142ymi \u015bwiadectwami.<\/li>\n<li>&#8230;nie zdarzy\u0142o si\u0119 nam mie\u0107 \u017cadnego przypadku reklamacji i \u017c\u0105dania zwrot\u00f3w koszt\u00f3w pacjentom przez program po zakazie macierzy\u0144stwa zast\u0119pczego w jakimkolwiek kraju, w kt\u00f3rym New Life operowa\u0142o (Indie, Nepal, Tajlandia, Kambod\u017ca). Ka\u017cdy pacjent i ka\u017cda pacjentka otrzymali pe\u0142ny zwrot pieni\u0119dzy po wprowadzeniu zakaz\u00f3w macierzy\u0144stwa zast\u0119pczego. \u017baden rodzic nie zosta\u0142 i nigdy nie poczu\u0142 si\u0119 opuszczony. Ka\u017cdy rodzic opu\u015bci\u0142 kraj pomy\u015blnie ze zdrowym dzieckiem.<\/li>\n<\/ul>\n","protected":false},"excerpt":{"rendered":"<p>O Nas Ka\u017cda historia ma sw\u00f3j pocz\u0105tek. Nasza zaczyna si\u0119 z Tob\u0105. Nasze pierwsze Biuro Macierzy\u0144stwa Zast\u0119pczego i klinika IVF, New Life Georgia, zosta\u0142y za\u0142o\u017cone w 2008 r. przez doktor Mariam Kukunashvili. Od tego czasu pomogli\u015bmy tysi\u0105com przysz\u0142ych rodzic\u00f3w w za\u0142o\u017ceniu rodziny i rozszerzyli\u015bmy zasi\u0119g naszej pomocy dla przysz\u0142ych rodzic\u00f3w na ponad 8 r\u00f3\u017cnych kraj\u00f3w [&hellip;]<\/p>\n","protected":false},"author":1,"featured_media":0,"parent":0,"menu_order":0,"comment_status":"closed","ping_status":"closed","template":"","meta":{"footnotes":""},"class_list":["post-64","page","type-page","status-publish","hentry"],"_links":{"self":[{"href":"https:\/\/www.newlifepoland.net\/pl\/wp-json\/wp\/v2\/pages\/64","targetHints":{"allow":["GET"]}}],"collection":[{"href":"https:\/\/www.newlifepoland.net\/pl\/wp-json\/wp\/v2\/pages"}],"about":[{"href":"https:\/\/www.newlifepoland.net\/pl\/wp-json\/wp\/v2\/types\/page"}],"author":[{"embeddable":true,"href":"https:\/\/www.newlifepoland.net\/pl\/wp-json\/wp\/v2\/users\/1"}],"replies":[{"embeddable":true,"href":"https:\/\/www.newlifepoland.net\/pl\/wp-json\/wp\/v2\/comments?post=64"}],"version-history":[{"count":31,"href":"https:\/\/www.newlifepoland.net\/pl\/wp-json\/wp\/v2\/pages\/64\/revisions"}],"predecessor-version":[{"id":1343,"href":"https:\/\/www.newlifepoland.net\/pl\/wp-json\/wp\/v2\/pages\/64\/revisions\/1343"}],"wp:attachment":[{"href":"https:\/\/www.newlifepoland.net\/pl\/wp-json\/wp\/v2\/media?parent=64"}],"curies":[{"name":"wp","href":"https:\/\/api.w.org\/{rel}","templated":true}]}}