 
{"id":7,"date":"2016-01-09T07:38:34","date_gmt":"2016-01-09T07:38:34","guid":{"rendered":"https:\/\/www.newlifepoland.net\/?page_id=7"},"modified":"2017-12-28T07:05:41","modified_gmt":"2017-12-28T07:05:41","slug":"macierzynstwo-zastepcze","status":"publish","type":"page","link":"https:\/\/www.newlifepoland.net\/pl\/macierzynstwo-zastepcze\/","title":{"rendered":"Macierzy\u0144stwo Zast\u0119pcze"},"content":{"rendered":"<h3 class=\"text-color-1\">Twoja historia. Twoja podr\u00f3\u017c. Twoje dziecko.<\/h3>\n<div class=\"row\">\n<div class=\"col-md-7\">\nW Polsce nie ma jasnych przepis\u00f3w prawnych reguluj\u0105cych macierzy\u0144stwo zast\u0119pcze, dlatego te\u017c wielu przysz\u0142ych rodzic\u00f3w z Polski decyduje si\u0119 na wyjazd zagraniczny podczas procesu macierzy\u0144stwa zast\u0119pczego. Jako \u017ce New Life Poland jest cz\u0119\u015bci\u0105 New Life Group, mo\u017cemy zaoferowa\u0107 ka\u017cdemu przysz\u0142emu rodzicowi wiele cel\u00f3w podr\u00f3\u017cy, gdzie b\u0119d\u0105 mogli za\u0142o\u017cy\u0107 w\u0142asn\u0105 rodzin\u0119 i sta\u0107 si\u0119 rodzicami.<\/p>\n<p>Wierzymy, \u017ce ka\u017cdy zas\u0142uguje na rodzin\u0119, o kt\u00f3rej marzy. Jeste\u015bmy zatem szcz\u0119\u015bliwi, \u017ce mo\u017cemy zaoferowa\u0107 nasze us\u0142ugi niezale\u017cnie od stanu cywilnego, orientacji seksualnej czy narodowo\u015bci. Dlatego te\u017c ka\u017cdy z naszych oddzia\u0142\u00f3w ma za zadanie spe\u0142nia\u0107 inne, okre\u015blone potrzeby naszych przysz\u0142ych rodzic\u00f3w, i polecamy je zgodnie z ich w\u0142a\u015bciwym przeznaczeniem. Dla us\u0142ug macierzy\u0144stwa zast\u0119pczego i dawstwa kom\u00f3rek jajowych polecamy nast\u0119puj\u0105ce:\n<\/p><\/div>\n<div class=\"col-md-5\">\n<img decoding=\"async\" src=\"https:\/\/www.newlifepoland.net\/wp-content\/uploads\/Surrogacy.jpg\" alt=\"surrogacy service\" class=\"img-responsive\" \/>\n<\/div>\n<\/div>\n<ul>\n<li>Ma\u0142\u017ce\u0144stwa heteroseksualne: Gruzja, Ukraina<\/li>\n<li>Samotni przyszli ojcowie lub pary jednop\u0142ciowe: Meksyk, Po\u0142udniowo-zachodnia Azja, Kenia, Europa<\/li>\n<li>Przyszli ojcowie b\u0119d\u0105cy nosicielami wirusa HIV: Meksyk<\/li>\n<li>Przyszli rodzice, kt\u00f3rzy chc\u0105 zr\u00f3wnowa\u017cy\u0107 swoj\u0105 rodzin\u0119 przez wyb\u00f3r p\u0142ci: Meksyk, Ukraina<\/li>\n<\/ul>\n<p>W celu uzyskania dalszych informacji i porad prosimy o bezpo\u015bredni <a href=\"#\" class=\"contact\">kontakt z nami<\/a>.<\/p>\n<h3 class=\"text-color-1\">R\u00f3\u017cnorodno\u015b\u0107 to cecha rodziny<\/h3>\n<p>Ka\u017cda osoba i ka\u017cda rodzina s\u0105 wyj\u0105tkowe i specjalne, dlatego te\u017c d\u0105\u017cymy do utrzymania zr\u00f3\u017cnicowanej puli dawczy\u0144 kom\u00f3rek jajowych, kt\u00f3ra obejmuje dawczynie z Ukrainy, Gruzji, Polski, Meksyku, Po\u0142udniowej Afryki, Indii oraz Po\u0142udniowo-zachodniej Azji. Ka\u017cdy region ma koordynator\u00f3w programu, kt\u00f3rzy s\u0105 zaznajomieni z lokalnymi dawczyniami kom\u00f3rek jajowych, klinikami i innymi nieocenionymi sprawami, kt\u00f3rych b\u0119dziesz potrzebowa\u0107, gdy wyruszysz w t\u0119 wspania\u0142\u0105 podr\u00f3\u017c.  Gdy wybierasz dawczyni\u0119, mo\u017cesz wybra\u0107 zar\u00f3wno dawczyni\u0119 lokaln\u0105 jak i dawczyni\u0119 podr\u00f3\u017cuj\u0105c\u0105, kt\u00f3ra przyjedzie do Ciebie. Na Twoj\u0105 pro\u015bb\u0119 i dla Twojej wygody podr\u00f3\u017cuj\u0105ce dawczynie kom\u00f3rek jajowych z przyjemno\u015bci\u0105 wybior\u0105 si\u0119 w podr\u00f3\u017c do kraju, kt\u00f3ry wybierzesz, aby odda\u0107 kom\u00f3rki jajowe.<br \/>\nWi\u0119cej informacji o naszych dawczyniach kom\u00f3rek jest dost\u0119pnych na naszej stronie internetowej: <a href=\"https:\/\/www.newlifeeggdonors.com\" target=\"_blank\">kliknij tutaj<\/a>. <\/p>\n<h3 class=\"text-color-1\">Jeste\u015bmy oddani pomaganiu ludziom w zostaniu rodzicami<\/h3>\n<p>Od 2008 r. pomogli\u015bmy ponad 7000 rodzinom i samotnym rodzicom zi\u015bci\u0107 ich marzenia o rodzicielstwie, a liczba ta stale powi\u0119ksza si\u0119, poniewa\u017c kontynuujemy nasz\u0105 dzia\u0142alno\u015b\u0107 i nasza historia obejmuje coraz wi\u0119cej \u017cy\u0107 ludzkich. Nasze oddanie stworzeniu tych szcz\u0119\u015bliwych rodzin doprowadzi\u0142o do rozwoju Pakietu Gwarantowanego Macierzy\u0144stwa Zast\u0119pczego. Nasi przyszli rodzice decyduj\u0105cy si\u0119 na przyj\u0119cie tego pakietu mog\u0105 cieszy\u0107 si\u0119 bezstresow\u0105 podr\u00f3\u017c\u0105 bez \u017cadnych zmartwie\u0144. Zako\u0144czysz udzia\u0142 w naszym programie ze swoim d\u0142ugo oczekiwanym dzieckiem lub, je\u017celi proces si\u0119 nie powiedzie, zwr\u00f3cimy Ci wszystkie pieni\u0105dze.<\/p>\n<p>B\u0119dziemy tu dla Ciebie, gdy zdecydujesz, \u017ce chcesz do\u015bwiadczy\u0107 tej nieprawdopodobnej rado\u015bci do\u015bwiadczenia rodzicielstwa.<\/p>\n","protected":false},"excerpt":{"rendered":"<p>Twoja historia. Twoja podr\u00f3\u017c. Twoje dziecko. W Polsce nie ma jasnych przepis\u00f3w prawnych reguluj\u0105cych macierzy\u0144stwo zast\u0119pcze, dlatego te\u017c wielu przysz\u0142ych rodzic\u00f3w z Polski decyduje si\u0119 na wyjazd zagraniczny podczas procesu macierzy\u0144stwa zast\u0119pczego. Jako \u017ce New Life Poland jest cz\u0119\u015bci\u0105 New Life Group, mo\u017cemy zaoferowa\u0107 ka\u017cdemu przysz\u0142emu rodzicowi wiele cel\u00f3w podr\u00f3\u017cy, gdzie b\u0119d\u0105 mogli za\u0142o\u017cy\u0107 w\u0142asn\u0105 [&hellip;]<\/p>\n","protected":false},"author":1,"featured_media":0,"parent":0,"menu_order":0,"comment_status":"closed","ping_status":"closed","template":"","meta":{"footnotes":""},"class_list":["post-7","page","type-page","status-publish","hentry"],"_links":{"self":[{"href":"https:\/\/www.newlifepoland.net\/pl\/wp-json\/wp\/v2\/pages\/7","targetHints":{"allow":["GET"]}}],"collection":[{"href":"https:\/\/www.newlifepoland.net\/pl\/wp-json\/wp\/v2\/pages"}],"about":[{"href":"https:\/\/www.newlifepoland.net\/pl\/wp-json\/wp\/v2\/types\/page"}],"author":[{"embeddable":true,"href":"https:\/\/www.newlifepoland.net\/pl\/wp-json\/wp\/v2\/users\/1"}],"replies":[{"embeddable":true,"href":"https:\/\/www.newlifepoland.net\/pl\/wp-json\/wp\/v2\/comments?post=7"}],"version-history":[{"count":8,"href":"https:\/\/www.newlifepoland.net\/pl\/wp-json\/wp\/v2\/pages\/7\/revisions"}],"predecessor-version":[{"id":1199,"href":"https:\/\/www.newlifepoland.net\/pl\/wp-json\/wp\/v2\/pages\/7\/revisions\/1199"}],"wp:attachment":[{"href":"https:\/\/www.newlifepoland.net\/pl\/wp-json\/wp\/v2\/media?parent=7"}],"curies":[{"name":"wp","href":"https:\/\/api.w.org\/{rel}","templated":true}]}}