 
{"id":8,"date":"2016-01-09T07:39:06","date_gmt":"2016-01-09T07:39:06","guid":{"rendered":"https:\/\/www.newlifepoland.net\/?page_id=8"},"modified":"2017-12-23T04:02:49","modified_gmt":"2017-12-23T04:02:49","slug":"dawstwo-komorek-jajowych","status":"publish","type":"page","link":"https:\/\/www.newlifepoland.net\/pl\/dawstwo-komorek-jajowych\/","title":{"rendered":"Dawstwo kom\u00f3rek jajowych"},"content":{"rendered":"<h3 class=\"text-color-1\">Twoim darem jest dar \u017cycia<\/h3>\n<div class=\"row\">\n<div class=\"col-md-7\">\nZostaj\u0105c dawczyni\u0105 kom\u00f3rek jajowych dajesz tym, kt\u00f3rzy mierz\u0105 si\u0119 z \u0142ami\u0105cymi serce przeciwno\u015bciami, ich upragnion\u0105 szans\u0119 na zostanie w ko\u0144cu rodzicami. Szans\u0119, o kt\u00f3rej marzyli. Obdarowujesz ich darem ma\u0142ego \u017cycia. Darem dziecka.  Przechodz\u0105c przez to do\u015bwiadczenie dotkniesz \u017cycia os\u00f3b i par niep\u0142odnych rozsianych po ca\u0142ym \u015bwiecie. Oznacza to, \u017ce masz szans\u0119 nie tylko na zmian\u0119 \u017cycia ludzi w twojej lokalnej spo\u0142eczno\u015bci, ale te\u017c szans\u0119 na podr\u00f3\u017c do innych kraj\u00f3w ca\u0142ego \u015bwiata, aby odda\u0107 kom\u00f3rki jajowe i wr\u00f3ci\u0107 do domu bezpiecznie z niezwyk\u0142ym do\u015bwiadczeniem, kt\u00f3re na zawsze pozostanie z Tob\u0105, a tak\u017ce pi\u0119kn\u0105 histori\u0105 o bezinteresowno\u015bci.\n<\/div>\n<div class=\"col-md-5\">\n<img decoding=\"async\" src=\"https:\/\/www.newlifepoland.net\/wp-content\/uploads\/Egg-Donation-.jpg\" alt=\"poland egg donation service\" class=\"img-responsive\" \/>\n<\/div>\n<\/div>\n<h3 class=\"text-color-1\">Jak zosta\u0107 dawczyni\u0105 kom\u00f3rek jajowych<\/h3>\n<div class=\"row\">\n<div class=\"col-md-5\">\n<img decoding=\"async\" src=\"https:\/\/www.newlifepoland.net\/wp-content\/uploads\/become-an-egg-donor.jpg\" alt=\"become an egg donor\" class=\"img-responsive\" \/><\/p>\n<p>Je\u017celi jeste\u015b gotowa z\u0142o\u017cy\u0107 wniosek o zostanie dawczyni\u0105 kom\u00f3rek jajowych, <a href=\"\/egg-donor-application\/\">prosimy o rejestracj\u0119 w naszym biurze<\/a> w celu rozpocz\u0119cia procesu.\n<\/div>\n<div class=\"col-md-7\">\nNasze dawczynie kom\u00f3rek jajowych nigdy nie do\u015bwiadczy\u0142y \u017cadnych komplikacji i zawsze wracaj\u0105 do domu z pozytywnym do\u015bwiadczeniem. Na Twoj\u0105 pro\u015bb\u0119 ch\u0119tnie podziel\u0105 si\u0119 swoimi historiami i \u015bwiadectwami, aby umo\u017cliwi\u0107 Ci wgl\u0105d w to, co oznacza by\u0107 dawczyni\u0105 kom\u00f3rek jajowych New Life. Cenimy przede wszystkim zdrowie i bezpiecze\u0144stwo ka\u017cdej z naszych dawczy\u0144, dlatego osoby sk\u0142adaj\u0105ce wnioski o przyst\u0105pienie do programu musz\u0105 spe\u0142nia\u0107 poni\u017csze wymagania:<\/p>\n<ul>\n<li>Musz\u0105 by\u0107 odpowiednimi, czu\u0142ymi i zdrowymi m\u0142odymi kobietami.<\/li>\n<li>Musz\u0105 chcie\u0107 pomaga\u0107 innym w zostaniu rodzicami i w za\u0142o\u017ceniu ich w\u0142asnych rodzin.<\/li>\n<li>Musz\u0105 przej\u015b\u0107 rygorystyczny proces kontroli, aby uzyska\u0107 mo\u017cliwo\u015b\u0107 stania si\u0119 dawczyniami kom\u00f3rek jajowych.<\/li>\n<\/ul>\n<\/div>\n<\/div>\n","protected":false},"excerpt":{"rendered":"<p>Twoim darem jest dar \u017cycia Zostaj\u0105c dawczyni\u0105 kom\u00f3rek jajowych dajesz tym, kt\u00f3rzy mierz\u0105 si\u0119 z \u0142ami\u0105cymi serce przeciwno\u015bciami, ich upragnion\u0105 szans\u0119 na zostanie w ko\u0144cu rodzicami. Szans\u0119, o kt\u00f3rej marzyli. Obdarowujesz ich darem ma\u0142ego \u017cycia. Darem dziecka. Przechodz\u0105c przez to do\u015bwiadczenie dotkniesz \u017cycia os\u00f3b i par niep\u0142odnych rozsianych po ca\u0142ym \u015bwiecie. Oznacza to, \u017ce masz [&hellip;]<\/p>\n","protected":false},"author":1,"featured_media":0,"parent":0,"menu_order":0,"comment_status":"closed","ping_status":"closed","template":"","meta":{"footnotes":""},"class_list":["post-8","page","type-page","status-publish","hentry"],"_links":{"self":[{"href":"https:\/\/www.newlifepoland.net\/pl\/wp-json\/wp\/v2\/pages\/8","targetHints":{"allow":["GET"]}}],"collection":[{"href":"https:\/\/www.newlifepoland.net\/pl\/wp-json\/wp\/v2\/pages"}],"about":[{"href":"https:\/\/www.newlifepoland.net\/pl\/wp-json\/wp\/v2\/types\/page"}],"author":[{"embeddable":true,"href":"https:\/\/www.newlifepoland.net\/pl\/wp-json\/wp\/v2\/users\/1"}],"replies":[{"embeddable":true,"href":"https:\/\/www.newlifepoland.net\/pl\/wp-json\/wp\/v2\/comments?post=8"}],"version-history":[{"count":7,"href":"https:\/\/www.newlifepoland.net\/pl\/wp-json\/wp\/v2\/pages\/8\/revisions"}],"predecessor-version":[{"id":1138,"href":"https:\/\/www.newlifepoland.net\/pl\/wp-json\/wp\/v2\/pages\/8\/revisions\/1138"}],"wp:attachment":[{"href":"https:\/\/www.newlifepoland.net\/pl\/wp-json\/wp\/v2\/media?parent=8"}],"curies":[{"name":"wp","href":"https:\/\/api.w.org\/{rel}","templated":true}]}}